{"id":14,"date":"2025-04-16T20:07:59","date_gmt":"2025-04-16T20:07:59","guid":{"rendered":"https:\/\/seagreen-guanaco-190711.hostingersite.com\/?page_id=14"},"modified":"2025-05-02T17:40:16","modified_gmt":"2025-05-02T17:40:16","slug":"servicios","status":"publish","type":"page","link":"https:\/\/tivest.com\/pt\/servicios\/","title":{"rendered":"servi\u00e7os"},"content":{"rendered":"<div data-elementor-type=\"wp-page\" data-elementor-id=\"14\" class=\"elementor elementor-14\" data-elementor-post-type=\"page\">\n\t\t\t\t<div class=\"elementor-element elementor-element-135aaf4 e-flex e-con-boxed e-con e-parent\" data-id=\"135aaf4\" data-element_type=\"container\">\n\t\t\t\t\t<div class=\"e-con-inner\">\n\t\t\t\t<div class=\"elementor-element elementor-element-5626eca elementor-widget-divider--view-line elementor-widget elementor-widget-divider\" data-id=\"5626eca\" data-element_type=\"widget\" data-widget_type=\"divider.default\">\n\t\t\t\t<div class=\"elementor-widget-container\">\n\t\t\t\t\t\t\t<div class=\"elementor-divider\">\n\t\t\t<span class=\"elementor-divider-separator\">\n\t\t\t\t\t\t<\/span>\n\t\t<\/div>\n\t\t\t\t\t\t<\/div>\n\t\t\t\t<\/div>\n\t\t\t\t\t<\/div>\n\t\t\t\t<\/div>\n\t\t<div class=\"elementor-element elementor-element-e5a2136 e-flex e-con-boxed e-con e-parent\" data-id=\"e5a2136\" data-element_type=\"container\">\n\t\t\t\t\t<div class=\"e-con-inner\">\n\t\t<div class=\"elementor-element elementor-element-5b3ab9e e-con-full e-flex e-con e-child\" data-id=\"5b3ab9e\" data-element_type=\"container\">\n\t\t\t\t<div class=\"elementor-element elementor-element-9c3f386 elementor-widget elementor-widget-heading\" data-id=\"9c3f386\" data-element_type=\"widget\" data-widget_type=\"heading.default\">\n\t\t\t\t<div class=\"elementor-widget-container\">\n\t\t\t\t\t<h2 class=\"elementor-heading-title elementor-size-default\">O que fazemos?<\/h2>\t\t\t\t<\/div>\n\t\t\t\t<\/div>\n\t\t\t\t<\/div>\n\t\t<div class=\"elementor-element elementor-element-8517f00 e-con-full e-flex e-con e-child\" data-id=\"8517f00\" data-element_type=\"container\">\n\t\t\t\t<div class=\"elementor-element elementor-element-d5fd56e elementor-widget elementor-widget-text-editor\" data-id=\"d5fd56e\" data-element_type=\"widget\" data-widget_type=\"text-editor.default\">\n\t\t\t\t<div class=\"elementor-widget-container\">\n\t\t\t\t\t\t\t\t\t<p style=\"text-align: center;\">Facilitamos opera\u00e7\u00f5es internacionais estruturando solu\u00e7\u00f5es operacionais espec\u00edficas, <br \/>com rastreabilidade documental, conformidade regulat\u00f3ria e efici\u00eancia na execu\u00e7\u00e3o.<\/p>\t\t\t\t\t\t\t\t<\/div>\n\t\t\t\t<\/div>\n\t\t\t\t<\/div>\n\t\t\t\t\t<\/div>\n\t\t\t\t<\/div>\n\t\t<div class=\"elementor-element elementor-element-759d233 e-flex e-con-boxed e-con e-parent\" data-id=\"759d233\" data-element_type=\"container\" data-settings=\"{&quot;background_background&quot;:&quot;classic&quot;}\">\n\t\t\t\t\t<div class=\"e-con-inner\">\n\t\t\t\t<div class=\"elementor-element elementor-element-66f50db elementor-widget-divider--view-line elementor-widget elementor-widget-divider\" data-id=\"66f50db\" data-element_type=\"widget\" data-widget_type=\"divider.default\">\n\t\t\t\t<div class=\"elementor-widget-container\">\n\t\t\t\t\t\t\t<div class=\"elementor-divider\">\n\t\t\t<span class=\"elementor-divider-separator\">\n\t\t\t\t\t\t<\/span>\n\t\t<\/div>\n\t\t\t\t\t\t<\/div>\n\t\t\t\t<\/div>\n\t\t\t\t\t<\/div>\n\t\t\t\t<\/div>\n\t\t<div class=\"elementor-element elementor-element-884b193 e-flex e-con-boxed e-con e-parent\" data-id=\"884b193\" data-element_type=\"container\" data-settings=\"{&quot;background_background&quot;:&quot;classic&quot;}\">\n\t\t\t\t\t<div class=\"e-con-inner\">\n\t\t<div class=\"elementor-element elementor-element-9082948 e-con-full e-flex e-con e-child\" data-id=\"9082948\" data-element_type=\"container\" data-settings=\"{&quot;background_background&quot;:&quot;classic&quot;}\">\n\t\t\t\t<div class=\"elementor-element elementor-element-ec01904 elementor-widget elementor-widget-heading\" data-id=\"ec01904\" data-element_type=\"widget\" data-widget_type=\"heading.default\">\n\t\t\t\t<div class=\"elementor-widget-container\">\n\t\t\t\t\t<h2 class=\"elementor-heading-title elementor-size-default\">Estrutura\u00e7\u00e3o de Opera\u00e7\u00f5es Internacionais<\/h2>\t\t\t\t<\/div>\n\t\t\t\t<\/div>\n\t\t<div class=\"elementor-element elementor-element-3905213 e-con-full e-flex e-con e-child\" data-id=\"3905213\" data-element_type=\"container\">\n\t\t\t\t<div class=\"elementor-element elementor-element-aa943f8 elementor-widget elementor-widget-text-editor\" data-id=\"aa943f8\" data-element_type=\"widget\" data-widget_type=\"text-editor.default\">\n\t\t\t\t<div class=\"elementor-widget-container\">\n\t\t\t\t\t\t\t\t\t<p>Desenhamos estruturas para que nossos clientes possam executar <br>seus processos transfronteiri\u00e7os de forma clara, documentada e segura.<\/p>\t\t\t\t\t\t\t\t<\/div>\n\t\t\t\t<\/div>\n\t\t<div class=\"elementor-element elementor-element-167eebc e-con-full e-flex e-con e-child\" data-id=\"167eebc\" data-element_type=\"container\">\n\t\t\t\t<div class=\"elementor-element elementor-element-a1965db elementor-widget elementor-widget-heading\" data-id=\"a1965db\" data-element_type=\"widget\" data-widget_type=\"heading.default\">\n\t\t\t\t<div class=\"elementor-widget-container\">\n\t\t\t\t\t<span class=\"elementor-heading-title elementor-size-default\"><li>Coordena\u00e7\u00e3o de atores em m\u00faltiplas jurisdi\u00e7\u00f5es\n<li>Desenho operacional adaptado ao perfil de risco, volume e objetivos\n<li>Supervis\u00e3o integral do processo\n\n<\/span>\t\t\t\t<\/div>\n\t\t\t\t<\/div>\n\t\t\t\t<\/div>\n\t\t\t\t<\/div>\n\t\t\t\t<\/div>\n\t\t<div class=\"elementor-element elementor-element-b13b0b5 e-con-full e-flex e-con e-child\" data-id=\"b13b0b5\" data-element_type=\"container\" data-settings=\"{&quot;background_background&quot;:&quot;classic&quot;}\">\n\t\t\t\t<div class=\"elementor-element elementor-element-13b89dc elementor-widget elementor-widget-heading\" data-id=\"13b89dc\" data-element_type=\"widget\" data-widget_type=\"heading.default\">\n\t\t\t\t<div class=\"elementor-widget-container\">\n\t\t\t\t\t<h2 class=\"elementor-heading-title elementor-size-default\">Assist\u00eancia para Abertura de Contas e Estruturas<\/h2>\t\t\t\t<\/div>\n\t\t\t\t<\/div>\n\t\t<div class=\"elementor-element elementor-element-377f68c e-con-full e-flex e-con e-child\" data-id=\"377f68c\" data-element_type=\"container\">\n\t\t\t\t<div class=\"elementor-element elementor-element-41609e6 elementor-widget elementor-widget-text-editor\" data-id=\"41609e6\" data-element_type=\"widget\" data-widget_type=\"text-editor.default\">\n\t\t\t\t<div class=\"elementor-widget-container\">\n\t\t\t\t\t\t\t\t\t<p>Apoiamos empresas e pessoas na montagem de estruturas jur\u00eddicas e <br>na abertura de contas no exterior, em coordena\u00e7\u00e3o com fornecedores autorizados.<\/p>\t\t\t\t\t\t\t\t<\/div>\n\t\t\t\t<\/div>\n\t\t\t\t<\/div>\n\t\t<div class=\"elementor-element elementor-element-d1ed020 e-con-full e-flex e-con e-child\" data-id=\"d1ed020\" data-element_type=\"container\">\n\t\t\t\t<div class=\"elementor-element elementor-element-1ecf225 elementor-widget elementor-widget-heading\" data-id=\"1ecf225\" data-element_type=\"widget\" data-widget_type=\"heading.default\">\n\t\t\t\t<div class=\"elementor-widget-container\">\n\t\t\t\t\t<span class=\"elementor-heading-title elementor-size-default\"><li>Avalia\u00e7\u00e3o de alternativas vi\u00e1veis\n<li>Assist\u00eancia na prepara\u00e7\u00e3o documental\n<li>Acompanhamento no processo de abertura\n\n<\/span>\t\t\t\t<\/div>\n\t\t\t\t<\/div>\n\t\t\t\t<\/div>\n\t\t\t\t<\/div>\n\t\t\t\t\t<\/div>\n\t\t\t\t<\/div>\n\t\t<div class=\"elementor-element elementor-element-b0c4b16 e-flex e-con-boxed e-con e-parent\" data-id=\"b0c4b16\" data-element_type=\"container\" data-settings=\"{&quot;background_background&quot;:&quot;classic&quot;}\">\n\t\t\t\t\t<div class=\"e-con-inner\">\n\t\t<div class=\"elementor-element elementor-element-63c62aa e-con-full e-flex e-con e-child\" data-id=\"63c62aa\" data-element_type=\"container\" data-settings=\"{&quot;background_background&quot;:&quot;classic&quot;}\">\n\t\t\t\t<div class=\"elementor-element elementor-element-d1230e0 elementor-widget elementor-widget-heading\" data-id=\"d1230e0\" data-element_type=\"widget\" data-widget_type=\"heading.default\">\n\t\t\t\t<div class=\"elementor-widget-container\">\n\t\t\t\t\t<h2 class=\"elementor-heading-title elementor-size-default\">Cumprimento Normativo Internacional (AML \/ KYC)<\/h2>\t\t\t\t<\/div>\n\t\t\t\t<\/div>\n\t\t<div class=\"elementor-element elementor-element-76fa398 e-con-full e-flex e-con e-child\" data-id=\"76fa398\" data-element_type=\"container\">\n\t\t\t\t<div class=\"elementor-element elementor-element-b398042 elementor-widget elementor-widget-text-editor\" data-id=\"b398042\" data-element_type=\"widget\" data-widget_type=\"text-editor.default\">\n\t\t\t\t<div class=\"elementor-widget-container\">\n\t\t\t\t\t\t\t\t\t<p class=\"translation-block\">Garantimos que cada opera\u00e7\u00e3o cumpra os padr\u00f5es internacionais <br>de integridade, identificando riscos e prevenindo <br>conting\u00eancias regulat\u00f3rias.<\/p>\t\t\t\t\t\t\t\t<\/div>\n\t\t\t\t<\/div>\n\t\t<div class=\"elementor-element elementor-element-a9aa34d e-con-full e-flex e-con e-child\" data-id=\"a9aa34d\" data-element_type=\"container\">\n\t\t\t\t<div class=\"elementor-element elementor-element-22dc407 elementor-widget elementor-widget-heading\" data-id=\"22dc407\" data-element_type=\"widget\" data-widget_type=\"heading.default\">\n\t\t\t\t<div class=\"elementor-widget-container\">\n\t\t\t\t\t<span class=\"elementor-heading-title elementor-size-default\"><li>Verifica\u00e7\u00e3o de antecedentes (KYC)\n<li>Processos AML adaptados a cada jurisdi\u00e7\u00e3o\n<li>Rastreabilidade documental e valida\u00e7\u00e3o da origem de fundos\n<\/span>\t\t\t\t<\/div>\n\t\t\t\t<\/div>\n\t\t\t\t<\/div>\n\t\t\t\t<\/div>\n\t\t\t\t<\/div>\n\t\t<div class=\"elementor-element elementor-element-5643e9b e-con-full e-flex e-con e-child\" data-id=\"5643e9b\" data-element_type=\"container\" data-settings=\"{&quot;background_background&quot;:&quot;classic&quot;}\">\n\t\t\t\t<div class=\"elementor-element elementor-element-93186fc elementor-widget elementor-widget-heading\" data-id=\"93186fc\" data-element_type=\"widget\" data-widget_type=\"heading.default\">\n\t\t\t\t<div class=\"elementor-widget-container\">\n\t\t\t\t\t<h2 class=\"elementor-heading-title elementor-size-default\">Gest\u00e3o de Tesouraria Internacional<\/h2>\t\t\t\t<\/div>\n\t\t\t\t<\/div>\n\t\t<div class=\"elementor-element elementor-element-b23272e e-con-full e-flex e-con e-child\" data-id=\"b23272e\" data-element_type=\"container\">\n\t\t\t\t<div class=\"elementor-element elementor-element-ef0d8f9 elementor-widget elementor-widget-text-editor\" data-id=\"ef0d8f9\" data-element_type=\"widget\" data-widget_type=\"text-editor.default\">\n\t\t\t\t<div class=\"elementor-widget-container\">\n\t\t\t\t\t\t\t\t\t<p class=\"translation-block\">Projetamos esquemas de trabalho para facilitar a administra\u00e7\u00e3o de pagamentos e recebimentos em diferentes jurisdi\u00e7\u00f5es, integrando fluxos de fundos, controle documental e visibilidade estrat\u00e9gica.<\/p>\t\t\t\t\t\t\t\t<\/div>\n\t\t\t\t<\/div>\n\t\t\t\t<\/div>\n\t\t<div class=\"elementor-element elementor-element-9239039 e-con-full e-flex e-con e-child\" data-id=\"9239039\" data-element_type=\"container\">\n\t\t\t\t<div class=\"elementor-element elementor-element-ae78afa elementor-widget elementor-widget-heading\" data-id=\"ae78afa\" data-element_type=\"widget\" data-widget_type=\"heading.default\">\n\t\t\t\t<div class=\"elementor-widget-container\">\n\t\t\t\t\t<span class=\"elementor-heading-title elementor-size-default\"><li>Gest\u00e3o de pagamentos e recebimentos por conta do cliente\n<li>Coordena\u00e7\u00e3o multimoeda entre contas e fornecedores\n<li>Relat\u00f3rios de concilia\u00e7\u00e3o e saldos\n\n<\/span>\t\t\t\t<\/div>\n\t\t\t\t<\/div>\n\t\t\t\t<\/div>\n\t\t\t\t<\/div>\n\t\t\t\t\t<\/div>\n\t\t\t\t<\/div>\n\t\t<div class=\"elementor-element elementor-element-8dfb807 e-flex e-con-boxed e-con e-parent\" data-id=\"8dfb807\" data-element_type=\"container\" data-settings=\"{&quot;background_background&quot;:&quot;classic&quot;}\">\n\t\t\t\t\t<div class=\"e-con-inner\">\n\t\t<div class=\"elementor-element elementor-element-4905da3 e-con-full e-flex e-con e-child\" data-id=\"4905da3\" data-element_type=\"container\" data-settings=\"{&quot;background_background&quot;:&quot;classic&quot;}\">\n\t\t\t\t<div class=\"elementor-element elementor-element-154bcfa elementor-widget elementor-widget-heading\" data-id=\"154bcfa\" data-element_type=\"widget\" data-widget_type=\"heading.default\">\n\t\t\t\t<div class=\"elementor-widget-container\">\n\t\t\t\t\t<h2 class=\"elementor-heading-title elementor-size-default\">Coordena\u00e7\u00e3o Administrativa e Documental <\/h2>\t\t\t\t<\/div>\n\t\t\t\t<\/div>\n\t\t<div class=\"elementor-element elementor-element-724fa05 e-con-full e-flex e-con e-child\" data-id=\"724fa05\" data-element_type=\"container\">\n\t\t\t\t<div class=\"elementor-element elementor-element-5dc69c7 elementor-widget elementor-widget-text-editor\" data-id=\"5dc69c7\" data-element_type=\"widget\" data-widget_type=\"text-editor.default\">\n\t\t\t\t<div class=\"elementor-widget-container\">\n\t\t\t\t\t\t\t\t\t<p class=\"translation-block\">Fornecemos suporte operacional para que cada opera\u00e7\u00e3o tenha o respaldo adequado em termos cont\u00e1beis, fiscais, regulat\u00f3rios e de controle interno.<\/p>\t\t\t\t\t\t\t\t<\/div>\n\t\t\t\t<\/div>\n\t\t<div class=\"elementor-element elementor-element-a0865d1 e-con-full e-flex e-con e-child\" data-id=\"a0865d1\" data-element_type=\"container\">\n\t\t\t\t<div class=\"elementor-element elementor-element-d9e4fa4 elementor-widget elementor-widget-heading\" data-id=\"d9e4fa4\" data-element_type=\"widget\" data-widget_type=\"heading.default\">\n\t\t\t\t<div class=\"elementor-widget-container\">\n\t\t\t\t\t<span class=\"elementor-heading-title elementor-size-default\"><li>Montagem de documenta\u00e7\u00e3o operacional\n<li>Gest\u00e3o de arquivos e acompanhamento documental\n<li>Integra\u00e7\u00e3o com processos legais e fiscais<\/span>\t\t\t\t<\/div>\n\t\t\t\t<\/div>\n\t\t\t\t<\/div>\n\t\t\t\t<\/div>\n\t\t\t\t<\/div>\n\t\t<div class=\"elementor-element elementor-element-9ef983c e-con-full e-flex e-con e-child\" data-id=\"9ef983c\" data-element_type=\"container\" data-settings=\"{&quot;background_background&quot;:&quot;classic&quot;}\">\n\t\t\t\t<div class=\"elementor-element elementor-element-5b1dfc3 elementor-widget elementor-widget-heading\" data-id=\"5b1dfc3\" data-element_type=\"widget\" data-widget_type=\"heading.default\">\n\t\t\t\t<div class=\"elementor-widget-container\">\n\t\t\t\t\t<h2 class=\"elementor-heading-title elementor-size-default\">Busca e Aquisi\u00e7\u00e3o de Empresas e Ativos<\/h2>\t\t\t\t<\/div>\n\t\t\t\t<\/div>\n\t\t<div class=\"elementor-element elementor-element-f456186 e-con-full e-flex e-con e-child\" data-id=\"f456186\" data-element_type=\"container\">\n\t\t\t\t<div class=\"elementor-element elementor-element-0e76634 elementor-widget elementor-widget-text-editor\" data-id=\"0e76634\" data-element_type=\"widget\" data-widget_type=\"text-editor.default\">\n\t\t\t\t<div class=\"elementor-widget-container\">\n\t\t\t\t\t\t\t\t\t<p class=\"translation-block\">Acompanhamos nossos clientes na expans\u00e3o estrat\u00e9gica de suas opera\u00e7\u00f5es <br>mediante a identifica\u00e7\u00e3o, an\u00e1lise e estrutura\u00e7\u00e3o de aquisi\u00e7\u00f5es internacionais.<\/p>\t\t\t\t\t\t\t\t<\/div>\n\t\t\t\t<\/div>\n\t\t\t\t<\/div>\n\t\t<div class=\"elementor-element elementor-element-7fc6530 e-con-full e-flex e-con e-child\" data-id=\"7fc6530\" data-element_type=\"container\">\n\t\t\t\t<div class=\"elementor-element elementor-element-123924c elementor-widget elementor-widget-heading\" data-id=\"123924c\" data-element_type=\"widget\" data-widget_type=\"heading.default\">\n\t\t\t\t<div class=\"elementor-widget-container\">\n\t\t\t\t\t<span class=\"elementor-heading-title elementor-size-default\"><li>Levantamento de oportunidades alinhadas ao perfil e objetivos do cliente\n<li>Coordena\u00e7\u00e3o de processos de due diligence (legal, cont\u00e1bil, operacional)<li>Projeto de estruturas jur\u00eddicas e operacionais para a aquisi\u00e7\u00e3o\n<li>Apoio em negocia\u00e7\u00f5es, contratos e planejamento p\u00f3s-aquisi\u00e7\u00e3o\n<li>Coordena\u00e7\u00e3o com assessores locais e entidades regulat\u00f3rias\n<\/span>\t\t\t\t<\/div>\n\t\t\t\t<\/div>\n\t\t\t\t<\/div>\n\t\t\t\t<\/div>\n\t\t\t\t\t<\/div>\n\t\t\t\t<\/div>\n\t\t<div class=\"elementor-element elementor-element-f3304aa e-flex e-con-boxed e-con e-parent\" data-id=\"f3304aa\" data-element_type=\"container\" data-settings=\"{&quot;background_background&quot;:&quot;classic&quot;}\">\n\t\t\t\t\t<div class=\"e-con-inner\">\n\t\t<div class=\"elementor-element elementor-element-89eff65 e-con-full e-flex e-con e-child\" data-id=\"89eff65\" data-element_type=\"container\">\n\t\t\t\t<div class=\"elementor-element elementor-element-8cf9934 elementor-widget elementor-widget-heading\" data-id=\"8cf9934\" data-element_type=\"widget\" data-widget_type=\"heading.default\">\n\t\t\t\t<div class=\"elementor-widget-container\">\n\t\t\t\t\t<h2 class=\"elementor-heading-title elementor-size-default\">Encontramos uma <br>solu\u00e7\u00e3o <\/h2>\t\t\t\t<\/div>\n\t\t\t\t<\/div>\n\t\t<div class=\"elementor-element elementor-element-445828a e-con-full e-flex e-con e-child\" data-id=\"445828a\" data-element_type=\"container\">\n\t\t<div class=\"elementor-element elementor-element-515a0fb e-con-full e-flex e-con e-child\" data-id=\"515a0fb\" data-element_type=\"container\">\n\t\t\t\t<div class=\"elementor-element elementor-element-8d34c1e elementor-widget elementor-widget-button\" data-id=\"8d34c1e\" data-element_type=\"widget\" data-widget_type=\"button.default\">\n\t\t\t\t<div class=\"elementor-widget-container\">\n\t\t\t\t\t\t\t\t\t<div class=\"elementor-button-wrapper\">\n\t\t\t\t\t<a class=\"elementor-button elementor-button-link elementor-size-sm\" href=\"https:\/\/app.tivest.com\/sign-in\">\n\t\t\t\t\t\t<span class=\"elementor-button-content-wrapper\">\n\t\t\t\t\t\t\t\t\t<span class=\"elementor-button-text\">Solicitar Cota\u00e7\u00e3o<\/span>\n\t\t\t\t\t<\/span>\n\t\t\t\t\t<\/a>\n\t\t\t\t<\/div>\n\t\t\t\t\t\t\t\t<\/div>\n\t\t\t\t<\/div>\n\t\t\t\t<\/div>\n\t\t\t\t<div class=\"elementor-element elementor-element-571ee95 elementor-widget-divider--view-line elementor-widget elementor-widget-divider\" data-id=\"571ee95\" data-element_type=\"widget\" data-widget_type=\"divider.default\">\n\t\t\t\t<div class=\"elementor-widget-container\">\n\t\t\t\t\t\t\t<div class=\"elementor-divider\">\n\t\t\t<span class=\"elementor-divider-separator\">\n\t\t\t\t\t\t<\/span>\n\t\t<\/div>\n\t\t\t\t\t\t<\/div>\n\t\t\t\t<\/div>\n\t\t\t\t<\/div>\n\t\t\t\t<\/div>\n\t\t\t\t\t<\/div>\n\t\t\t\t<\/div>\n\t\t\t\t<\/div>","protected":false},"excerpt":{"rendered":"<p>\u00bfQu\u00e9 hacemos? Facilitamos operaciones internacionales estructurando soluciones operativas espec\u00edficas, con trazabilidad documental, cumplimiento regulatorio y eficiencia en la ejecuci\u00f3n. Estructuraci\u00f3n [&hellip;]<\/p>","protected":false},"author":1,"featured_media":0,"parent":0,"menu_order":0,"comment_status":"closed","ping_status":"closed","template":"elementor_header_footer","meta":{"site-sidebar-layout":"no-sidebar","site-content-layout":"","ast-site-content-layout":"full-width-container","site-content-style":"default","site-sidebar-style":"default","ast-global-header-display":"","ast-banner-title-visibility":"","ast-main-header-display":"","ast-hfb-above-header-display":"","ast-hfb-below-header-display":"","ast-hfb-mobile-header-display":"","site-post-title":"disabled","ast-breadcrumbs-content":"","ast-featured-img":"disabled","footer-sml-layout":"","theme-transparent-header-meta":"","adv-header-id-meta":"","stick-header-meta":"","header-above-stick-meta":"","header-main-stick-meta":"","header-below-stick-meta":"","astra-migrate-meta-layouts":"default","ast-page-background-enabled":"default","ast-page-background-meta":{"desktop":{"background-color":"var(--ast-global-color-5)","background-image":"","background-repeat":"repeat","background-position":"center center","background-size":"auto","background-attachment":"scroll","background-type":"","background-media":"","overlay-type":"","overlay-color":"","overlay-opacity":"","overlay-gradient":""},"tablet":{"background-color":"","background-image":"","background-repeat":"repeat","background-position":"center center","background-size":"auto","background-attachment":"scroll","background-type":"","background-media":"","overlay-type":"","overlay-color":"","overlay-opacity":"","overlay-gradient":""},"mobile":{"background-color":"","background-image":"","background-repeat":"repeat","background-position":"center center","background-size":"auto","background-attachment":"scroll","background-type":"","background-media":"","overlay-type":"","overlay-color":"","overlay-opacity":"","overlay-gradient":""}},"ast-content-background-meta":{"desktop":{"background-color":"var(--ast-global-color-4)","background-image":"","background-repeat":"repeat","background-position":"center center","background-size":"auto","background-attachment":"scroll","background-type":"","background-media":"","overlay-type":"","overlay-color":"","overlay-opacity":"","overlay-gradient":""},"tablet":{"background-color":"var(--ast-global-color-4)","background-image":"","background-repeat":"repeat","background-position":"center center","background-size":"auto","background-attachment":"scroll","background-type":"","background-media":"","overlay-type":"","overlay-color":"","overlay-opacity":"","overlay-gradient":""},"mobile":{"background-color":"var(--ast-global-color-4)","background-image":"","background-repeat":"repeat","background-position":"center center","background-size":"auto","background-attachment":"scroll","background-type":"","background-media":"","overlay-type":"","overlay-color":"","overlay-opacity":"","overlay-gradient":""}},"footnotes":""},"class_list":["post-14","page","type-page","status-publish","hentry"],"aioseo_notices":[],"_links":{"self":[{"href":"https:\/\/tivest.com\/pt\/wp-json\/wp\/v2\/pages\/14","targetHints":{"allow":["GET"]}}],"collection":[{"href":"https:\/\/tivest.com\/pt\/wp-json\/wp\/v2\/pages"}],"about":[{"href":"https:\/\/tivest.com\/pt\/wp-json\/wp\/v2\/types\/page"}],"author":[{"embeddable":true,"href":"https:\/\/tivest.com\/pt\/wp-json\/wp\/v2\/users\/1"}],"replies":[{"embeddable":true,"href":"https:\/\/tivest.com\/pt\/wp-json\/wp\/v2\/comments?post=14"}],"version-history":[{"count":265,"href":"https:\/\/tivest.com\/pt\/wp-json\/wp\/v2\/pages\/14\/revisions"}],"predecessor-version":[{"id":1651,"href":"https:\/\/tivest.com\/pt\/wp-json\/wp\/v2\/pages\/14\/revisions\/1651"}],"wp:attachment":[{"href":"https:\/\/tivest.com\/pt\/wp-json\/wp\/v2\/media?parent=14"}],"curies":[{"name":"wp","href":"https:\/\/api.w.org\/{rel}","templated":true}]}}