{"id":1285,"date":"2025-04-21T02:06:55","date_gmt":"2025-04-21T02:06:55","guid":{"rendered":"https:\/\/seagreen-guanaco-190711.hostingersite.com\/?page_id=1285"},"modified":"2025-04-21T02:22:03","modified_gmt":"2025-04-21T02:22:03","slug":"disclaimer","status":"publish","type":"page","link":"https:\/\/tivest.com\/pt\/disclaimer\/","title":{"rendered":"Aviso Legal"},"content":{"rendered":"<div data-elementor-type=\"wp-page\" data-elementor-id=\"1285\" class=\"elementor elementor-1285\" data-elementor-post-type=\"page\">\n\t\t\t\t<div class=\"elementor-element elementor-element-c7de17e e-flex e-con-boxed e-con e-parent\" data-id=\"c7de17e\" data-element_type=\"container\">\n\t\t\t\t\t<div class=\"e-con-inner\">\n\t\t\t\t<div class=\"elementor-element elementor-element-34eae09 elementor-hidden-mobile elementor-widget elementor-widget-spacer\" data-id=\"34eae09\" data-element_type=\"widget\" data-widget_type=\"spacer.default\">\n\t\t\t\t<div class=\"elementor-widget-container\">\n\t\t\t\t\t\t\t<div class=\"elementor-spacer\">\n\t\t\t<div class=\"elementor-spacer-inner\"><\/div>\n\t\t<\/div>\n\t\t\t\t\t\t<\/div>\n\t\t\t\t<\/div>\n\t\t\t\t\t<\/div>\n\t\t\t\t<\/div>\n\t\t<div class=\"elementor-element elementor-element-32f5858 e-flex e-con-boxed e-con e-parent\" data-id=\"32f5858\" data-element_type=\"container\">\n\t\t\t\t\t<div class=\"e-con-inner\">\n\t\t<div class=\"elementor-element elementor-element-8ab1f0f e-con-full e-flex e-con e-child\" data-id=\"8ab1f0f\" data-element_type=\"container\">\n\t\t\t\t<div class=\"elementor-element elementor-element-db353d0 elementor-widget elementor-widget-heading\" data-id=\"db353d0\" data-element_type=\"widget\" data-widget_type=\"heading.default\">\n\t\t\t\t<div class=\"elementor-widget-container\">\n\t\t\t\t\t<h1 class=\"elementor-heading-title elementor-size-default\">Aviso Legal<\/h1>\t\t\t\t<\/div>\n\t\t\t\t<\/div>\n\t\t<div class=\"elementor-element elementor-element-d962664 e-con-full e-flex e-con e-child\" data-id=\"d962664\" data-element_type=\"container\">\n\t\t\t\t<div class=\"elementor-element elementor-element-09d49c3 elementor-widget elementor-widget-text-editor\" data-id=\"09d49c3\" data-element_type=\"widget\" data-widget_type=\"text-editor.default\">\n\t\t\t\t<div class=\"elementor-widget-container\">\n\t\t\t\t\t\t\t\t\t<p>A Tivest dedica-se ao design e coordena\u00e7\u00e3o de solu\u00e7\u00f5es operacionais internacionais. Todas as nossas atividades t\u00eam como objetivo auxiliar empresas e pessoas na execu\u00e7\u00e3o pr\u00e1tica de seus processos globais, por meio do uso de estruturas legais e administrativas coordenadas atrav\u00e9s de fornecedores externos devidamente registrados em suas respectivas jurisdi\u00e7\u00f5es.<\/p>\t\t\t\t\t\t\t\t<\/div>\n\t\t\t\t<\/div>\n\t\t<div class=\"elementor-element elementor-element-4742d64 e-con-full e-flex e-con e-child\" data-id=\"4742d64\" data-element_type=\"container\">\n\t\t\t\t<div class=\"elementor-element elementor-element-9686174 elementor-widget elementor-widget-text-editor\" data-id=\"9686174\" data-element_type=\"widget\" data-widget_type=\"text-editor.default\">\n\t\t\t\t<div class=\"elementor-widget-container\">\n\t\t\t\t\t\t\t\t\t<p>A Tivest n\u00e3o realiza, direta ou indiretamente, atividades reservadas a institui\u00e7\u00f5es financeiras reguladas. N\u00e3o capta recursos do p\u00fablico, n\u00e3o oferece produtos de investimento, n\u00e3o realiza opera\u00e7\u00f5es de c\u00e2mbio, nem atua como intermedi\u00e1ria financeira. N\u00e3o presta consultoria de investimentos, nem realiza atividades de cr\u00e9dito, leasing, factoring ou similares.<\/p>\t\t\t\t\t\t\t\t<\/div>\n\t\t\t\t<\/div>\n\t\t\t\t<\/div>\n\t\t<div class=\"elementor-element elementor-element-ec91bd4 e-con-full e-flex e-con e-child\" data-id=\"ec91bd4\" data-element_type=\"container\">\n\t\t\t\t<div class=\"elementor-element elementor-element-a2667d2 elementor-widget elementor-widget-text-editor\" data-id=\"a2667d2\" data-element_type=\"widget\" data-widget_type=\"text-editor.default\">\n\t\t\t\t<div class=\"elementor-widget-container\">\n\t\t\t\t\t\t\t\t\t<p>O papel da Tivest \u00e9 o de integradora de solu\u00e7\u00f5es operacionais: analisa as necessidades espec\u00edficas de cada cliente, prop\u00f5e esquemas adequados do ponto de vista legal, documental e log\u00edstico, e coordena sua implementa\u00e7\u00e3o com fornecedores profissionais autorizados. Dessa forma, a Tivest facilita que cada cliente possa executar seus processos de forma eficiente, segura e em conformidade com as normas vigentes nos pa\u00edses envolvidos, sem incorrer em atividades que exijam licen\u00e7as financeiras.<\/p>\t\t\t\t\t\t\t\t<\/div>\n\t\t\t\t<\/div>\n\t\t\t\t<\/div>\n\t\t\t\t<\/div>\n\t\t\t\t<\/div>\n\t\t\t\t\t<\/div>\n\t\t\t\t<\/div>\n\t\t<div class=\"elementor-element elementor-element-f89da18 e-flex e-con-boxed e-con e-parent\" data-id=\"f89da18\" data-element_type=\"container\">\n\t\t\t\t\t<div class=\"e-con-inner\">\n\t\t\t\t<div class=\"elementor-element elementor-element-3b2aa03 elementor-widget elementor-widget-spacer\" data-id=\"3b2aa03\" data-element_type=\"widget\" data-widget_type=\"spacer.default\">\n\t\t\t\t<div class=\"elementor-widget-container\">\n\t\t\t\t\t\t\t<div class=\"elementor-spacer\">\n\t\t\t<div class=\"elementor-spacer-inner\"><\/div>\n\t\t<\/div>\n\t\t\t\t\t\t<\/div>\n\t\t\t\t<\/div>\n\t\t\t\t\t<\/div>\n\t\t\t\t<\/div>\n\t\t\t\t<\/div>","protected":false},"excerpt":{"rendered":"<p>Disclaimer Tivest se dedica al dise\u00f1o y coordinaci\u00f3n de soluciones operativas internacionales. Todas nuestras actividades est\u00e1n orientadas a asistir a [&hellip;]<\/p>","protected":false},"author":1,"featured_media":0,"parent":0,"menu_order":0,"comment_status":"closed","ping_status":"closed","template":"","meta":{"site-sidebar-layout":"no-sidebar","site-content-layout":"","ast-site-content-layout":"full-width-container","site-content-style":"default","site-sidebar-style":"default","ast-global-header-display":"","ast-banner-title-visibility":"","ast-main-header-display":"","ast-hfb-above-header-display":"","ast-hfb-below-header-display":"","ast-hfb-mobile-header-display":"","site-post-title":"disabled","ast-breadcrumbs-content":"","ast-featured-img":"disabled","footer-sml-layout":"","theme-transparent-header-meta":"","adv-header-id-meta":"","stick-header-meta":"","header-above-stick-meta":"","header-main-stick-meta":"","header-below-stick-meta":"","astra-migrate-meta-layouts":"default","ast-page-background-enabled":"default","ast-page-background-meta":{"desktop":{"background-color":"var(--ast-global-color-5)","background-image":"","background-repeat":"repeat","background-position":"center center","background-size":"auto","background-attachment":"scroll","background-type":"","background-media":"","overlay-type":"","overlay-color":"","overlay-opacity":"","overlay-gradient":""},"tablet":{"background-color":"","background-image":"","background-repeat":"repeat","background-position":"center center","background-size":"auto","background-attachment":"scroll","background-type":"","background-media":"","overlay-type":"","overlay-color":"","overlay-opacity":"","overlay-gradient":""},"mobile":{"background-color":"","background-image":"","background-repeat":"repeat","background-position":"center center","background-size":"auto","background-attachment":"scroll","background-type":"","background-media":"","overlay-type":"","overlay-color":"","overlay-opacity":"","overlay-gradient":""}},"ast-content-background-meta":{"desktop":{"background-color":"var(--ast-global-color-4)","background-image":"","background-repeat":"repeat","background-position":"center center","background-size":"auto","background-attachment":"scroll","background-type":"","background-media":"","overlay-type":"","overlay-color":"","overlay-opacity":"","overlay-gradient":""},"tablet":{"background-color":"var(--ast-global-color-4)","background-image":"","background-repeat":"repeat","background-position":"center center","background-size":"auto","background-attachment":"scroll","background-type":"","background-media":"","overlay-type":"","overlay-color":"","overlay-opacity":"","overlay-gradient":""},"mobile":{"background-color":"var(--ast-global-color-4)","background-image":"","background-repeat":"repeat","background-position":"center center","background-size":"auto","background-attachment":"scroll","background-type":"","background-media":"","overlay-type":"","overlay-color":"","overlay-opacity":"","overlay-gradient":""}},"footnotes":""},"class_list":["post-1285","page","type-page","status-publish","hentry"],"aioseo_notices":[],"_links":{"self":[{"href":"https:\/\/tivest.com\/pt\/wp-json\/wp\/v2\/pages\/1285","targetHints":{"allow":["GET"]}}],"collection":[{"href":"https:\/\/tivest.com\/pt\/wp-json\/wp\/v2\/pages"}],"about":[{"href":"https:\/\/tivest.com\/pt\/wp-json\/wp\/v2\/types\/page"}],"author":[{"embeddable":true,"href":"https:\/\/tivest.com\/pt\/wp-json\/wp\/v2\/users\/1"}],"replies":[{"embeddable":true,"href":"https:\/\/tivest.com\/pt\/wp-json\/wp\/v2\/comments?post=1285"}],"version-history":[{"count":28,"href":"https:\/\/tivest.com\/pt\/wp-json\/wp\/v2\/pages\/1285\/revisions"}],"predecessor-version":[{"id":1313,"href":"https:\/\/tivest.com\/pt\/wp-json\/wp\/v2\/pages\/1285\/revisions\/1313"}],"wp:attachment":[{"href":"https:\/\/tivest.com\/pt\/wp-json\/wp\/v2\/media?parent=1285"}],"curies":[{"name":"wp","href":"https:\/\/api.w.org\/{rel}","templated":true}]}}