{"id":12,"date":"2025-04-16T20:07:18","date_gmt":"2025-04-16T20:07:18","guid":{"rendered":"https:\/\/seagreen-guanaco-190711.hostingersite.com\/?page_id=12"},"modified":"2025-04-21T17:38:33","modified_gmt":"2025-04-21T17:38:33","slug":"nosotros","status":"publish","type":"page","link":"https:\/\/tivest.com\/pt\/nosotros\/","title":{"rendered":"Sobre n\u00f3s"},"content":{"rendered":"<div data-elementor-type=\"wp-page\" data-elementor-id=\"12\" class=\"elementor elementor-12\" data-elementor-post-type=\"page\">\n\t\t\t\t<div class=\"elementor-element elementor-element-74586cf elementor-hidden-mobile e-flex e-con-boxed e-con e-parent\" data-id=\"74586cf\" data-element_type=\"container\">\n\t\t\t\t\t<div class=\"e-con-inner\">\n\t\t\t\t<div class=\"elementor-element elementor-element-b61547c elementor-widget-divider--view-line elementor-widget elementor-widget-divider\" data-id=\"b61547c\" data-element_type=\"widget\" data-widget_type=\"divider.default\">\n\t\t\t\t<div class=\"elementor-widget-container\">\n\t\t\t\t\t\t\t<div class=\"elementor-divider\">\n\t\t\t<span class=\"elementor-divider-separator\">\n\t\t\t\t\t\t<\/span>\n\t\t<\/div>\n\t\t\t\t\t\t<\/div>\n\t\t\t\t<\/div>\n\t\t\t\t\t<\/div>\n\t\t\t\t<\/div>\n\t\t<div class=\"elementor-element elementor-element-529d957 e-flex e-con-boxed e-con e-parent\" data-id=\"529d957\" data-element_type=\"container\">\n\t\t\t\t\t<div class=\"e-con-inner\">\n\t\t<div class=\"elementor-element elementor-element-ddafd42 e-con-full e-flex e-con e-child\" data-id=\"ddafd42\" data-element_type=\"container\">\n\t\t\t\t<div class=\"elementor-element elementor-element-49777a3 elementor-widget elementor-widget-image\" data-id=\"49777a3\" data-element_type=\"widget\" data-widget_type=\"image.default\">\n\t\t\t\t<div class=\"elementor-widget-container\">\n\t\t\t\t\t\t\t\t\t\t\t\t\t\t\t<img fetchpriority=\"high\" decoding=\"async\" width=\"470\" height=\"506\" src=\"https:\/\/tivest.com\/wp-content\/uploads\/2025\/04\/unsplash_hu_8P5_TEjY.png\" class=\"attachment-large size-large wp-image-702\" alt=\"\" srcset=\"https:\/\/tivest.com\/wp-content\/uploads\/2025\/04\/unsplash_hu_8P5_TEjY.png 470w, https:\/\/tivest.com\/wp-content\/uploads\/2025\/04\/unsplash_hu_8P5_TEjY-279x300.png 279w\" sizes=\"(max-width: 470px) 100vw, 470px\" \/>\t\t\t\t\t\t\t\t\t\t\t\t\t\t\t<\/div>\n\t\t\t\t<\/div>\n\t\t\t\t<\/div>\n\t\t<div class=\"elementor-element elementor-element-9b9ed42 e-con-full e-flex e-con e-child\" data-id=\"9b9ed42\" data-element_type=\"container\">\n\t\t<div class=\"elementor-element elementor-element-5aa6bbf e-con-full e-flex e-con e-child\" data-id=\"5aa6bbf\" data-element_type=\"container\">\n\t\t\t\t<div class=\"elementor-element elementor-element-3365a29 elementor-widget elementor-widget-image\" data-id=\"3365a29\" data-element_type=\"widget\" data-widget_type=\"image.default\">\n\t\t\t\t<div class=\"elementor-widget-container\">\n\t\t\t\t\t\t\t\t\t\t\t\t\t\t\t<img decoding=\"async\" width=\"637\" height=\"137\" src=\"https:\/\/tivest.com\/wp-content\/uploads\/2025\/04\/Tivest-Main-Logo-2.png\" class=\"attachment-large size-large wp-image-706\" alt=\"\" srcset=\"https:\/\/tivest.com\/wp-content\/uploads\/2025\/04\/Tivest-Main-Logo-2.png 637w, https:\/\/tivest.com\/wp-content\/uploads\/2025\/04\/Tivest-Main-Logo-2-300x65.png 300w\" sizes=\"(max-width: 637px) 100vw, 637px\" \/>\t\t\t\t\t\t\t\t\t\t\t\t\t\t\t<\/div>\n\t\t\t\t<\/div>\n\t\t<div class=\"elementor-element elementor-element-4314096 e-con-full e-flex e-con e-child\" data-id=\"4314096\" data-element_type=\"container\">\n\t\t\t\t<div class=\"elementor-element elementor-element-1a48f46 elementor-widget elementor-widget-heading\" data-id=\"1a48f46\" data-element_type=\"widget\" data-widget_type=\"heading.default\">\n\t\t\t\t<div class=\"elementor-widget-container\">\n\t\t\t\t\t<h1 class=\"elementor-heading-title elementor-size-default\"><span style=\"color:#11698C;\">Especialistas em <\/span>opera\u00e7\u00f5es internacionais complexas para empresas latino-americanas<\/h1>\t\t\t\t<\/div>\n\t\t\t\t<\/div>\n\t\t\t\t<\/div>\n\t\t\t\t<\/div>\n\t\t\t\t<\/div>\n\t\t\t\t\t<\/div>\n\t\t\t\t<\/div>\n\t\t<div class=\"elementor-element elementor-element-a9182e7 e-flex e-con-boxed e-con e-parent\" data-id=\"a9182e7\" data-element_type=\"container\">\n\t\t\t\t\t<div class=\"e-con-inner\">\n\t\t<div class=\"elementor-element elementor-element-5e24d92 e-con-full e-flex e-con e-child\" data-id=\"5e24d92\" data-element_type=\"container\">\n\t\t\t\t<div class=\"elementor-element elementor-element-80a4718 elementor-widget elementor-widget-text-editor\" data-id=\"80a4718\" data-element_type=\"widget\" data-widget_type=\"text-editor.default\">\n\t\t\t\t<div class=\"elementor-widget-container\">\n\t\t\t\t\t\t\t\t\t<p>Na Am\u00e9rica Latina, realizar opera\u00e7\u00f5es internacionais muitas vezes implica navegar por restri\u00e7\u00f5es cambiais, regulamenta\u00e7\u00f5es em constante mudan\u00e7a e uma rede fragmentada de atores. A Tivest nasceu para resolver esses desafios.<\/p>\t\t\t\t\t\t\t\t<\/div>\n\t\t\t\t<\/div>\n\t\t\t\t<div class=\"elementor-element elementor-element-69c026f elementor-widget elementor-widget-text-editor\" data-id=\"69c026f\" data-element_type=\"widget\" data-widget_type=\"text-editor.default\">\n\t\t\t\t<div class=\"elementor-widget-container\">\n\t\t\t\t\t\t\t\t\t<p>Operamos a partir de jurisdi\u00e7\u00f5es est\u00e1veis e confi\u00e1veis \u2014 Estados Unidos, Uruguai e Ilhas Virgens Brit\u00e2nicas \u2014 que nos permitem desenhar solu\u00e7\u00f5es robustas e vi\u00e1veis para cada cliente, com uma abordagem t\u00e9cnica, legal e operacional.<\/p>\t\t\t\t\t\t\t\t<\/div>\n\t\t\t\t<\/div>\n\t\t<div class=\"elementor-element elementor-element-061668e e-con-full e-flex e-con e-child\" data-id=\"061668e\" data-element_type=\"container\">\n\t\t\t\t<div class=\"elementor-element elementor-element-28eefdf elementor-widget elementor-widget-heading\" data-id=\"28eefdf\" data-element_type=\"widget\" data-widget_type=\"heading.default\">\n\t\t\t\t<div class=\"elementor-widget-container\">\n\t\t\t\t\t<h2 class=\"elementor-heading-title elementor-size-default\">Nossa proposta baseia-se em:<\/h2>\t\t\t\t<\/div>\n\t\t\t\t<\/div>\n\t\t<div class=\"elementor-element elementor-element-9fd2f93 e-con-full e-flex e-con e-child\" data-id=\"9fd2f93\" data-element_type=\"container\">\n\t\t\t\t<div class=\"elementor-element elementor-element-7953a5c elementor-widget elementor-widget-text-editor\" data-id=\"7953a5c\" data-element_type=\"widget\" data-widget_type=\"text-editor.default\">\n\t\t\t\t<div class=\"elementor-widget-container\">\n\t\t\t\t\t\t\t\t\t<ul><li>Compreens\u00e3o profunda do contexto do cliente<\/li><li>Desenho de solu\u00e7\u00f5es sob medida (n\u00e3o padronizadas)<\/li><li>Execu\u00e7\u00e3o segura por meio de fornecedores registrados e validados<\/li><\/ul>\t\t\t\t\t\t\t\t<\/div>\n\t\t\t\t<\/div>\n\t\t\t\t<\/div>\n\t\t\t\t<\/div>\n\t\t\t\t<\/div>\n\t\t\t\t\t<\/div>\n\t\t\t\t<\/div>\n\t\t<div class=\"elementor-element elementor-element-a0341da e-flex e-con-boxed e-con e-parent\" data-id=\"a0341da\" data-element_type=\"container\">\n\t\t\t\t\t<div class=\"e-con-inner\">\n\t\t\t\t<div class=\"elementor-element elementor-element-2dadee4 elementor-widget-divider--view-line elementor-widget elementor-widget-divider\" data-id=\"2dadee4\" data-element_type=\"widget\" data-widget_type=\"divider.default\">\n\t\t\t\t<div class=\"elementor-widget-container\">\n\t\t\t\t\t\t\t<div class=\"elementor-divider\">\n\t\t\t<span class=\"elementor-divider-separator\">\n\t\t\t\t\t\t<\/span>\n\t\t<\/div>\n\t\t\t\t\t\t<\/div>\n\t\t\t\t<\/div>\n\t\t\t\t\t<\/div>\n\t\t\t\t<\/div>\n\t\t<div class=\"elementor-element elementor-element-c4b56ef e-flex e-con-boxed e-con e-parent\" data-id=\"c4b56ef\" data-element_type=\"container\" data-settings=\"{&quot;background_background&quot;:&quot;classic&quot;}\">\n\t\t\t\t\t<div class=\"e-con-inner\">\n\t\t<div class=\"elementor-element elementor-element-8d6512b e-con-full e-flex e-con e-child\" data-id=\"8d6512b\" data-element_type=\"container\">\n\t\t\t\t<div class=\"elementor-element elementor-element-9496dbf elementor-widget elementor-widget-heading\" data-id=\"9496dbf\" data-element_type=\"widget\" data-widget_type=\"heading.default\">\n\t\t\t\t<div class=\"elementor-widget-container\">\n\t\t\t\t\t<h2 class=\"elementor-heading-title elementor-size-default\">Capacidade em Integra\u00e7\u00e3o e Gest\u00e3o de Ativos<\/h2>\t\t\t\t<\/div>\n\t\t\t\t<\/div>\n\t\t<div class=\"elementor-element elementor-element-d654825 e-con-full e-flex e-con e-child\" data-id=\"d654825\" data-element_type=\"container\">\n\t\t\t\t<div class=\"elementor-element elementor-element-9ccbaa5 elementor-widget elementor-widget-text-editor\" data-id=\"9ccbaa5\" data-element_type=\"widget\" data-widget_type=\"text-editor.default\">\n\t\t\t\t<div class=\"elementor-widget-container\">\n\t\t\t\t\t\t\t\t\t<p>Al\u00e9m de oferecer solu\u00e7\u00f5es a terceiros, temos experi\u00eancia direta na aquisi\u00e7\u00e3o e integra\u00e7\u00e3o de ativos e empresas pr\u00f3prias, o que refor\u00e7a nossa capacidade de antecipar riscos, compreender os desafios reais da execu\u00e7\u00e3o e estruturar opera\u00e7\u00f5es s\u00f3lidas e sustent\u00e1veis.<\/p>\t\t\t\t\t\t\t\t<\/div>\n\t\t\t\t<\/div>\n\t\t\t\t<\/div>\n\t\t\t\t<\/div>\n\t\t<div class=\"elementor-element elementor-element-6669a65 e-con-full e-flex e-con e-child\" data-id=\"6669a65\" data-element_type=\"container\">\n\t\t\t\t<div class=\"elementor-element elementor-element-ba5b3f4 elementor-widget elementor-widget-image\" data-id=\"ba5b3f4\" data-element_type=\"widget\" data-widget_type=\"image.default\">\n\t\t\t\t<div class=\"elementor-widget-container\">\n\t\t\t\t\t\t\t\t\t\t\t\t\t\t\t<img decoding=\"async\" width=\"610\" height=\"333\" src=\"https:\/\/tivest.com\/wp-content\/uploads\/2025\/04\/Salon.png\" class=\"attachment-large size-large wp-image-801\" alt=\"\" srcset=\"https:\/\/tivest.com\/wp-content\/uploads\/2025\/04\/Salon.png 610w, https:\/\/tivest.com\/wp-content\/uploads\/2025\/04\/Salon-300x164.png 300w\" sizes=\"(max-width: 610px) 100vw, 610px\" \/>\t\t\t\t\t\t\t\t\t\t\t\t\t\t\t<\/div>\n\t\t\t\t<\/div>\n\t\t\t\t<\/div>\n\t\t\t\t\t<\/div>\n\t\t\t\t<\/div>\n\t\t<div class=\"elementor-element elementor-element-fabaef8 e-flex e-con-boxed e-con e-parent\" data-id=\"fabaef8\" data-element_type=\"container\">\n\t\t\t\t\t<div class=\"e-con-inner\">\n\t\t\t\t<div class=\"elementor-element elementor-element-7e057cc elementor-widget-divider--view-line elementor-widget elementor-widget-divider\" data-id=\"7e057cc\" data-element_type=\"widget\" data-widget_type=\"divider.default\">\n\t\t\t\t<div class=\"elementor-widget-container\">\n\t\t\t\t\t\t\t<div class=\"elementor-divider\">\n\t\t\t<span class=\"elementor-divider-separator\">\n\t\t\t\t\t\t<\/span>\n\t\t<\/div>\n\t\t\t\t\t\t<\/div>\n\t\t\t\t<\/div>\n\t\t\t\t\t<\/div>\n\t\t\t\t<\/div>\n\t\t<div class=\"elementor-element elementor-element-10e0e92 e-flex e-con-boxed e-con e-parent\" data-id=\"10e0e92\" data-element_type=\"container\">\n\t\t\t\t\t<div class=\"e-con-inner\">\n\t\t<div class=\"elementor-element elementor-element-9b8c88c e-con-full e-flex e-con e-child\" data-id=\"9b8c88c\" data-element_type=\"container\">\n\t\t\t\t<div class=\"elementor-element elementor-element-9273ca1 elementor-widget elementor-widget-heading\" data-id=\"9273ca1\" data-element_type=\"widget\" data-widget_type=\"heading.default\">\n\t\t\t\t<div class=\"elementor-widget-container\">\n\t\t\t\t\t<h3 class=\"elementor-heading-title elementor-size-default\">Operamos, Assessoramos, Executamos.\n\n<\/h3>\t\t\t\t<\/div>\n\t\t\t\t<\/div>\n\t\t<div class=\"elementor-element elementor-element-e26c560 e-con-full e-flex e-con e-child\" data-id=\"e26c560\" data-element_type=\"container\">\n\t\t\t\t<div class=\"elementor-element elementor-element-6eab56f elementor-widget elementor-widget-heading\" data-id=\"6eab56f\" data-element_type=\"widget\" data-widget_type=\"heading.default\">\n\t\t\t\t<div class=\"elementor-widget-container\">\n\t\t\t\t\t<h2 class=\"elementor-heading-title elementor-size-default\">Na Tivest, n\u00e3o apenas projetamos solu\u00e7\u00f5es.<\/h2>\t\t\t\t<\/div>\n\t\t\t\t<\/div>\n\t\t<div class=\"elementor-element elementor-element-1906d46 e-con-full e-flex e-con e-child\" data-id=\"1906d46\" data-element_type=\"container\">\n\t\t\t\t<div class=\"elementor-element elementor-element-6d3392a elementor-widget elementor-widget-text-editor\" data-id=\"6d3392a\" data-element_type=\"widget\" data-widget_type=\"text-editor.default\">\n\t\t\t\t<div class=\"elementor-widget-container\">\n\t\t\t\t\t\t\t\t\t<p style=\"text-align: center;\">Tamb\u00e9m as colocamos em pr\u00e1tica. Nossa experi\u00eancia como operadores diretos inclui processos de aquisi\u00e7\u00e3o e integra\u00e7\u00e3o de ativos estrat\u00e9gicos, gest\u00e3o estrutural e operacional de unidades de neg\u00f3cio pr\u00f3prias e execu\u00e7\u00e3o real de esquemas semelhantes aos que oferecemos aos nossos clientes. Essa dupla dimens\u00e3o \u2014 como estruturadores e como atores \u2014 nos permite antecipar riscos, validar abordagens e propor solu\u00e7\u00f5es verdadeiramente execut\u00e1ve.<\/p>\t\t\t\t\t\t\t\t<\/div>\n\t\t\t\t<\/div>\n\t\t\t\t<\/div>\n\t\t\t\t<\/div>\n\t\t\t\t<\/div>\n\t\t\t\t\t<\/div>\n\t\t\t\t<\/div>\n\t\t<div class=\"elementor-element elementor-element-a6ec13e e-flex e-con-boxed e-con e-parent\" data-id=\"a6ec13e\" data-element_type=\"container\">\n\t\t\t\t\t<div class=\"e-con-inner\">\n\t\t\t\t<div class=\"elementor-element elementor-element-ac29eae elementor-widget-divider--view-line elementor-widget elementor-widget-divider\" data-id=\"ac29eae\" data-element_type=\"widget\" data-widget_type=\"divider.default\">\n\t\t\t\t<div class=\"elementor-widget-container\">\n\t\t\t\t\t\t\t<div class=\"elementor-divider\">\n\t\t\t<span class=\"elementor-divider-separator\">\n\t\t\t\t\t\t<\/span>\n\t\t<\/div>\n\t\t\t\t\t\t<\/div>\n\t\t\t\t<\/div>\n\t\t\t\t\t<\/div>\n\t\t\t\t<\/div>\n\t\t\t\t<\/div>","protected":false},"excerpt":{"rendered":"<p>Especialistas en operaciones internacionales complejas para empresas latinoamericanas En Am\u00e9rica Latina, llevar adelante operaciones internacionales muchas veces implica navegar restricciones [&hellip;]<\/p>","protected":false},"author":1,"featured_media":0,"parent":0,"menu_order":0,"comment_status":"closed","ping_status":"closed","template":"elementor_header_footer","meta":{"site-sidebar-layout":"no-sidebar","site-content-layout":"","ast-site-content-layout":"full-width-container","site-content-style":"default","site-sidebar-style":"default","ast-global-header-display":"","ast-banner-title-visibility":"","ast-main-header-display":"","ast-hfb-above-header-display":"","ast-hfb-below-header-display":"","ast-hfb-mobile-header-display":"","site-post-title":"disabled","ast-breadcrumbs-content":"","ast-featured-img":"disabled","footer-sml-layout":"","theme-transparent-header-meta":"","adv-header-id-meta":"","stick-header-meta":"","header-above-stick-meta":"","header-main-stick-meta":"","header-below-stick-meta":"","astra-migrate-meta-layouts":"default","ast-page-background-enabled":"default","ast-page-background-meta":{"desktop":{"background-color":"var(--ast-global-color-5)","background-image":"","background-repeat":"repeat","background-position":"center center","background-size":"auto","background-attachment":"scroll","background-type":"","background-media":"","overlay-type":"","overlay-color":"","overlay-opacity":"","overlay-gradient":""},"tablet":{"background-color":"","background-image":"","background-repeat":"repeat","background-position":"center center","background-size":"auto","background-attachment":"scroll","background-type":"","background-media":"","overlay-type":"","overlay-color":"","overlay-opacity":"","overlay-gradient":""},"mobile":{"background-color":"","background-image":"","background-repeat":"repeat","background-position":"center center","background-size":"auto","background-attachment":"scroll","background-type":"","background-media":"","overlay-type":"","overlay-color":"","overlay-opacity":"","overlay-gradient":""}},"ast-content-background-meta":{"desktop":{"background-color":"var(--ast-global-color-4)","background-image":"","background-repeat":"repeat","background-position":"center center","background-size":"auto","background-attachment":"scroll","background-type":"","background-media":"","overlay-type":"","overlay-color":"","overlay-opacity":"","overlay-gradient":""},"tablet":{"background-color":"var(--ast-global-color-4)","background-image":"","background-repeat":"repeat","background-position":"center center","background-size":"auto","background-attachment":"scroll","background-type":"","background-media":"","overlay-type":"","overlay-color":"","overlay-opacity":"","overlay-gradient":""},"mobile":{"background-color":"var(--ast-global-color-4)","background-image":"","background-repeat":"repeat","background-position":"center center","background-size":"auto","background-attachment":"scroll","background-type":"","background-media":"","overlay-type":"","overlay-color":"","overlay-opacity":"","overlay-gradient":""}},"footnotes":""},"class_list":["post-12","page","type-page","status-publish","hentry"],"aioseo_notices":[],"_links":{"self":[{"href":"https:\/\/tivest.com\/pt\/wp-json\/wp\/v2\/pages\/12","targetHints":{"allow":["GET"]}}],"collection":[{"href":"https:\/\/tivest.com\/pt\/wp-json\/wp\/v2\/pages"}],"about":[{"href":"https:\/\/tivest.com\/pt\/wp-json\/wp\/v2\/types\/page"}],"author":[{"embeddable":true,"href":"https:\/\/tivest.com\/pt\/wp-json\/wp\/v2\/users\/1"}],"replies":[{"embeddable":true,"href":"https:\/\/tivest.com\/pt\/wp-json\/wp\/v2\/comments?post=12"}],"version-history":[{"count":145,"href":"https:\/\/tivest.com\/pt\/wp-json\/wp\/v2\/pages\/12\/revisions"}],"predecessor-version":[{"id":1397,"href":"https:\/\/tivest.com\/pt\/wp-json\/wp\/v2\/pages\/12\/revisions\/1397"}],"wp:attachment":[{"href":"https:\/\/tivest.com\/pt\/wp-json\/wp\/v2\/media?parent=12"}],"curies":[{"name":"wp","href":"https:\/\/api.w.org\/{rel}","templated":true}]}}