{"id":14,"date":"2025-04-16T20:07:59","date_gmt":"2025-04-16T20:07:59","guid":{"rendered":"https:\/\/seagreen-guanaco-190711.hostingersite.com\/?page_id=14"},"modified":"2025-05-02T17:40:16","modified_gmt":"2025-05-02T17:40:16","slug":"servicios","status":"publish","type":"page","link":"https:\/\/tivest.com\/en\/servicios\/","title":{"rendered":"services"},"content":{"rendered":"<div data-elementor-type=\"wp-page\" data-elementor-id=\"14\" class=\"elementor elementor-14\" data-elementor-post-type=\"page\">\n\t\t\t\t<div class=\"elementor-element elementor-element-135aaf4 e-flex e-con-boxed e-con e-parent\" data-id=\"135aaf4\" data-element_type=\"container\">\n\t\t\t\t\t<div class=\"e-con-inner\">\n\t\t\t\t<div class=\"elementor-element elementor-element-5626eca elementor-widget-divider--view-line elementor-widget elementor-widget-divider\" data-id=\"5626eca\" data-element_type=\"widget\" data-widget_type=\"divider.default\">\n\t\t\t\t<div class=\"elementor-widget-container\">\n\t\t\t\t\t\t\t<div class=\"elementor-divider\">\n\t\t\t<span class=\"elementor-divider-separator\">\n\t\t\t\t\t\t<\/span>\n\t\t<\/div>\n\t\t\t\t\t\t<\/div>\n\t\t\t\t<\/div>\n\t\t\t\t\t<\/div>\n\t\t\t\t<\/div>\n\t\t<div class=\"elementor-element elementor-element-e5a2136 e-flex e-con-boxed e-con e-parent\" data-id=\"e5a2136\" data-element_type=\"container\">\n\t\t\t\t\t<div class=\"e-con-inner\">\n\t\t<div class=\"elementor-element elementor-element-5b3ab9e e-con-full e-flex e-con e-child\" data-id=\"5b3ab9e\" data-element_type=\"container\">\n\t\t\t\t<div class=\"elementor-element elementor-element-9c3f386 elementor-widget elementor-widget-heading\" data-id=\"9c3f386\" data-element_type=\"widget\" data-widget_type=\"heading.default\">\n\t\t\t\t<div class=\"elementor-widget-container\">\n\t\t\t\t\t<h2 class=\"elementor-heading-title elementor-size-default\">What do we do?<\/h2>\t\t\t\t<\/div>\n\t\t\t\t<\/div>\n\t\t\t\t<\/div>\n\t\t<div class=\"elementor-element elementor-element-8517f00 e-con-full e-flex e-con e-child\" data-id=\"8517f00\" data-element_type=\"container\">\n\t\t\t\t<div class=\"elementor-element elementor-element-d5fd56e elementor-widget elementor-widget-text-editor\" data-id=\"d5fd56e\" data-element_type=\"widget\" data-widget_type=\"text-editor.default\">\n\t\t\t\t<div class=\"elementor-widget-container\">\n\t\t\t\t\t\t\t\t\t<p style=\"text-align: center;\">We facilitate international operations by structuring specific operational solutions <br \/>with document traceability, regulatory compliance, and execution efficiency.<\/p>\t\t\t\t\t\t\t\t<\/div>\n\t\t\t\t<\/div>\n\t\t\t\t<\/div>\n\t\t\t\t\t<\/div>\n\t\t\t\t<\/div>\n\t\t<div class=\"elementor-element elementor-element-759d233 e-flex e-con-boxed e-con e-parent\" data-id=\"759d233\" data-element_type=\"container\" data-settings=\"{&quot;background_background&quot;:&quot;classic&quot;}\">\n\t\t\t\t\t<div class=\"e-con-inner\">\n\t\t\t\t<div class=\"elementor-element elementor-element-66f50db elementor-widget-divider--view-line elementor-widget elementor-widget-divider\" data-id=\"66f50db\" data-element_type=\"widget\" data-widget_type=\"divider.default\">\n\t\t\t\t<div class=\"elementor-widget-container\">\n\t\t\t\t\t\t\t<div class=\"elementor-divider\">\n\t\t\t<span class=\"elementor-divider-separator\">\n\t\t\t\t\t\t<\/span>\n\t\t<\/div>\n\t\t\t\t\t\t<\/div>\n\t\t\t\t<\/div>\n\t\t\t\t\t<\/div>\n\t\t\t\t<\/div>\n\t\t<div class=\"elementor-element elementor-element-884b193 e-flex e-con-boxed e-con e-parent\" data-id=\"884b193\" data-element_type=\"container\" data-settings=\"{&quot;background_background&quot;:&quot;classic&quot;}\">\n\t\t\t\t\t<div class=\"e-con-inner\">\n\t\t<div class=\"elementor-element elementor-element-9082948 e-con-full e-flex e-con e-child\" data-id=\"9082948\" data-element_type=\"container\" data-settings=\"{&quot;background_background&quot;:&quot;classic&quot;}\">\n\t\t\t\t<div class=\"elementor-element elementor-element-ec01904 elementor-widget elementor-widget-heading\" data-id=\"ec01904\" data-element_type=\"widget\" data-widget_type=\"heading.default\">\n\t\t\t\t<div class=\"elementor-widget-container\">\n\t\t\t\t\t<h2 class=\"elementor-heading-title elementor-size-default\">Structuring International Operations<\/h2>\t\t\t\t<\/div>\n\t\t\t\t<\/div>\n\t\t<div class=\"elementor-element elementor-element-3905213 e-con-full e-flex e-con e-child\" data-id=\"3905213\" data-element_type=\"container\">\n\t\t\t\t<div class=\"elementor-element elementor-element-aa943f8 elementor-widget elementor-widget-text-editor\" data-id=\"aa943f8\" data-element_type=\"widget\" data-widget_type=\"text-editor.default\">\n\t\t\t\t<div class=\"elementor-widget-container\">\n\t\t\t\t\t\t\t\t\t<p>We design structures so our clients can execute their cross-border <br>processes clearly, with documentation and security.<\/p>\t\t\t\t\t\t\t\t<\/div>\n\t\t\t\t<\/div>\n\t\t<div class=\"elementor-element elementor-element-167eebc e-con-full e-flex e-con e-child\" data-id=\"167eebc\" data-element_type=\"container\">\n\t\t\t\t<div class=\"elementor-element elementor-element-a1965db elementor-widget elementor-widget-heading\" data-id=\"a1965db\" data-element_type=\"widget\" data-widget_type=\"heading.default\">\n\t\t\t\t<div class=\"elementor-widget-container\">\n\t\t\t\t\t<span class=\"elementor-heading-title elementor-size-default\"><li>Coordination of actors across multiple jurisdictions\n<li>Operational design adapted to risk profile, volume, and objectives\n<li>Comprehensive process supervision\n\n<\/span>\t\t\t\t<\/div>\n\t\t\t\t<\/div>\n\t\t\t\t<\/div>\n\t\t\t\t<\/div>\n\t\t\t\t<\/div>\n\t\t<div class=\"elementor-element elementor-element-b13b0b5 e-con-full e-flex e-con e-child\" data-id=\"b13b0b5\" data-element_type=\"container\" data-settings=\"{&quot;background_background&quot;:&quot;classic&quot;}\">\n\t\t\t\t<div class=\"elementor-element elementor-element-13b89dc elementor-widget elementor-widget-heading\" data-id=\"13b89dc\" data-element_type=\"widget\" data-widget_type=\"heading.default\">\n\t\t\t\t<div class=\"elementor-widget-container\">\n\t\t\t\t\t<h2 class=\"elementor-heading-title elementor-size-default\">Assistance with Account and Structure Opening<\/h2>\t\t\t\t<\/div>\n\t\t\t\t<\/div>\n\t\t<div class=\"elementor-element elementor-element-377f68c e-con-full e-flex e-con e-child\" data-id=\"377f68c\" data-element_type=\"container\">\n\t\t\t\t<div class=\"elementor-element elementor-element-41609e6 elementor-widget elementor-widget-text-editor\" data-id=\"41609e6\" data-element_type=\"widget\" data-widget_type=\"text-editor.default\">\n\t\t\t\t<div class=\"elementor-widget-container\">\n\t\t\t\t\t\t\t\t\t<p>We support companies and individuals in setting up legal structures and opening offshore accounts, in coordination with authorized providers.<\/p>\t\t\t\t\t\t\t\t<\/div>\n\t\t\t\t<\/div>\n\t\t\t\t<\/div>\n\t\t<div class=\"elementor-element elementor-element-d1ed020 e-con-full e-flex e-con e-child\" data-id=\"d1ed020\" data-element_type=\"container\">\n\t\t\t\t<div class=\"elementor-element elementor-element-1ecf225 elementor-widget elementor-widget-heading\" data-id=\"1ecf225\" data-element_type=\"widget\" data-widget_type=\"heading.default\">\n\t\t\t\t<div class=\"elementor-widget-container\">\n\t\t\t\t\t<span class=\"elementor-heading-title elementor-size-default\"><li>Evaluation of viable alternatives\n<li>Assistance with document preparation\n<li>Guidance throughout the account opening process\n\n<\/span>\t\t\t\t<\/div>\n\t\t\t\t<\/div>\n\t\t\t\t<\/div>\n\t\t\t\t<\/div>\n\t\t\t\t\t<\/div>\n\t\t\t\t<\/div>\n\t\t<div class=\"elementor-element elementor-element-b0c4b16 e-flex e-con-boxed e-con e-parent\" data-id=\"b0c4b16\" data-element_type=\"container\" data-settings=\"{&quot;background_background&quot;:&quot;classic&quot;}\">\n\t\t\t\t\t<div class=\"e-con-inner\">\n\t\t<div class=\"elementor-element elementor-element-63c62aa e-con-full e-flex e-con e-child\" data-id=\"63c62aa\" data-element_type=\"container\" data-settings=\"{&quot;background_background&quot;:&quot;classic&quot;}\">\n\t\t\t\t<div class=\"elementor-element elementor-element-d1230e0 elementor-widget elementor-widget-heading\" data-id=\"d1230e0\" data-element_type=\"widget\" data-widget_type=\"heading.default\">\n\t\t\t\t<div class=\"elementor-widget-container\">\n\t\t\t\t\t<h2 class=\"elementor-heading-title elementor-size-default\">International Regulatory Compliance (AML \/ KYC)<\/h2>\t\t\t\t<\/div>\n\t\t\t\t<\/div>\n\t\t<div class=\"elementor-element elementor-element-76fa398 e-con-full e-flex e-con e-child\" data-id=\"76fa398\" data-element_type=\"container\">\n\t\t\t\t<div class=\"elementor-element elementor-element-b398042 elementor-widget elementor-widget-text-editor\" data-id=\"b398042\" data-element_type=\"widget\" data-widget_type=\"text-editor.default\">\n\t\t\t\t<div class=\"elementor-widget-container\">\n\t\t\t\t\t\t\t\t\t<p class=\"translation-block\">We ensure that every operation complies with international <br>integrity standards by identifying risks and preventing regulatory <br>contingencies.<\/p>\t\t\t\t\t\t\t\t<\/div>\n\t\t\t\t<\/div>\n\t\t<div class=\"elementor-element elementor-element-a9aa34d e-con-full e-flex e-con e-child\" data-id=\"a9aa34d\" data-element_type=\"container\">\n\t\t\t\t<div class=\"elementor-element elementor-element-22dc407 elementor-widget elementor-widget-heading\" data-id=\"22dc407\" data-element_type=\"widget\" data-widget_type=\"heading.default\">\n\t\t\t\t<div class=\"elementor-widget-container\">\n\t\t\t\t\t<span class=\"elementor-heading-title elementor-size-default\"><li>Background checks (KYC)\n<li>AML processes adapted to each jurisdiction\n<li>Document traceability and validation of source of funds\n<\/span>\t\t\t\t<\/div>\n\t\t\t\t<\/div>\n\t\t\t\t<\/div>\n\t\t\t\t<\/div>\n\t\t\t\t<\/div>\n\t\t<div class=\"elementor-element elementor-element-5643e9b e-con-full e-flex e-con e-child\" data-id=\"5643e9b\" data-element_type=\"container\" data-settings=\"{&quot;background_background&quot;:&quot;classic&quot;}\">\n\t\t\t\t<div class=\"elementor-element elementor-element-93186fc elementor-widget elementor-widget-heading\" data-id=\"93186fc\" data-element_type=\"widget\" data-widget_type=\"heading.default\">\n\t\t\t\t<div class=\"elementor-widget-container\">\n\t\t\t\t\t<h2 class=\"elementor-heading-title elementor-size-default\">International Treasury Management<\/h2>\t\t\t\t<\/div>\n\t\t\t\t<\/div>\n\t\t<div class=\"elementor-element elementor-element-b23272e e-con-full e-flex e-con e-child\" data-id=\"b23272e\" data-element_type=\"container\">\n\t\t\t\t<div class=\"elementor-element elementor-element-ef0d8f9 elementor-widget elementor-widget-text-editor\" data-id=\"ef0d8f9\" data-element_type=\"widget\" data-widget_type=\"text-editor.default\">\n\t\t\t\t<div class=\"elementor-widget-container\">\n\t\t\t\t\t\t\t\t\t<p class=\"translation-block\">We design operational schemes to facilitate the management of <br>payments and collections across different jurisdictions, integrating fund flows, document control, and strategic visibility.<\/p>\t\t\t\t\t\t\t\t<\/div>\n\t\t\t\t<\/div>\n\t\t\t\t<\/div>\n\t\t<div class=\"elementor-element elementor-element-9239039 e-con-full e-flex e-con e-child\" data-id=\"9239039\" data-element_type=\"container\">\n\t\t\t\t<div class=\"elementor-element elementor-element-ae78afa elementor-widget elementor-widget-heading\" data-id=\"ae78afa\" data-element_type=\"widget\" data-widget_type=\"heading.default\">\n\t\t\t\t<div class=\"elementor-widget-container\">\n\t\t\t\t\t<span class=\"elementor-heading-title elementor-size-default\"><li>Payment and collection management on behalf of the client\n<li>Multicurrency coordination between accounts and providers\n<li>Reconciliation and balance reporting\n\n<\/span>\t\t\t\t<\/div>\n\t\t\t\t<\/div>\n\t\t\t\t<\/div>\n\t\t\t\t<\/div>\n\t\t\t\t\t<\/div>\n\t\t\t\t<\/div>\n\t\t<div class=\"elementor-element elementor-element-8dfb807 e-flex e-con-boxed e-con e-parent\" data-id=\"8dfb807\" data-element_type=\"container\" data-settings=\"{&quot;background_background&quot;:&quot;classic&quot;}\">\n\t\t\t\t\t<div class=\"e-con-inner\">\n\t\t<div class=\"elementor-element elementor-element-4905da3 e-con-full e-flex e-con e-child\" data-id=\"4905da3\" data-element_type=\"container\" data-settings=\"{&quot;background_background&quot;:&quot;classic&quot;}\">\n\t\t\t\t<div class=\"elementor-element elementor-element-154bcfa elementor-widget elementor-widget-heading\" data-id=\"154bcfa\" data-element_type=\"widget\" data-widget_type=\"heading.default\">\n\t\t\t\t<div class=\"elementor-widget-container\">\n\t\t\t\t\t<h2 class=\"elementor-heading-title elementor-size-default\">Administrative and Document Coordination <\/h2>\t\t\t\t<\/div>\n\t\t\t\t<\/div>\n\t\t<div class=\"elementor-element elementor-element-724fa05 e-con-full e-flex e-con e-child\" data-id=\"724fa05\" data-element_type=\"container\">\n\t\t\t\t<div class=\"elementor-element elementor-element-5dc69c7 elementor-widget elementor-widget-text-editor\" data-id=\"5dc69c7\" data-element_type=\"widget\" data-widget_type=\"text-editor.default\">\n\t\t\t\t<div class=\"elementor-widget-container\">\n\t\t\t\t\t\t\t\t\t<p class=\"translation-block\">We provide operational support to ensure each transaction has <br>appropriate backing in accounting, tax, regulatory, and internal control terms.<\/p>\t\t\t\t\t\t\t\t<\/div>\n\t\t\t\t<\/div>\n\t\t<div class=\"elementor-element elementor-element-a0865d1 e-con-full e-flex e-con e-child\" data-id=\"a0865d1\" data-element_type=\"container\">\n\t\t\t\t<div class=\"elementor-element elementor-element-d9e4fa4 elementor-widget elementor-widget-heading\" data-id=\"d9e4fa4\" data-element_type=\"widget\" data-widget_type=\"heading.default\">\n\t\t\t\t<div class=\"elementor-widget-container\">\n\t\t\t\t\t<span class=\"elementor-heading-title elementor-size-default\"><li>Preparation of operational documentation\n<li>File management and document tracking\n<li>Integration with legal and tax processes<\/span>\t\t\t\t<\/div>\n\t\t\t\t<\/div>\n\t\t\t\t<\/div>\n\t\t\t\t<\/div>\n\t\t\t\t<\/div>\n\t\t<div class=\"elementor-element elementor-element-9ef983c e-con-full e-flex e-con e-child\" data-id=\"9ef983c\" data-element_type=\"container\" data-settings=\"{&quot;background_background&quot;:&quot;classic&quot;}\">\n\t\t\t\t<div class=\"elementor-element elementor-element-5b1dfc3 elementor-widget elementor-widget-heading\" data-id=\"5b1dfc3\" data-element_type=\"widget\" data-widget_type=\"heading.default\">\n\t\t\t\t<div class=\"elementor-widget-container\">\n\t\t\t\t\t<h2 class=\"elementor-heading-title elementor-size-default\">Search and Acquisition of Companies and Assets<\/h2>\t\t\t\t<\/div>\n\t\t\t\t<\/div>\n\t\t<div class=\"elementor-element elementor-element-f456186 e-con-full e-flex e-con e-child\" data-id=\"f456186\" data-element_type=\"container\">\n\t\t\t\t<div class=\"elementor-element elementor-element-0e76634 elementor-widget elementor-widget-text-editor\" data-id=\"0e76634\" data-element_type=\"widget\" data-widget_type=\"text-editor.default\">\n\t\t\t\t<div class=\"elementor-widget-container\">\n\t\t\t\t\t\t\t\t\t<p class=\"translation-block\">We assist our clients in strategically expanding their operations through the identification, analysis, and structuring of international acquisitions.<\/p>\t\t\t\t\t\t\t\t<\/div>\n\t\t\t\t<\/div>\n\t\t\t\t<\/div>\n\t\t<div class=\"elementor-element elementor-element-7fc6530 e-con-full e-flex e-con e-child\" data-id=\"7fc6530\" data-element_type=\"container\">\n\t\t\t\t<div class=\"elementor-element elementor-element-123924c elementor-widget elementor-widget-heading\" data-id=\"123924c\" data-element_type=\"widget\" data-widget_type=\"heading.default\">\n\t\t\t\t<div class=\"elementor-widget-container\">\n\t\t\t\t\t<span class=\"elementor-heading-title elementor-size-default\"><li>Survey of opportunities aligned with client profile and objectives\n<li>Coordination of due diligence processes (legal, accounting, operational)<li>Design of legal and operational structures for the acquisition\n<li>Support in negotiations, contracts, and post-acquisition planning\n<li>Coordination with local advisors and regulatory entities\n<\/span>\t\t\t\t<\/div>\n\t\t\t\t<\/div>\n\t\t\t\t<\/div>\n\t\t\t\t<\/div>\n\t\t\t\t\t<\/div>\n\t\t\t\t<\/div>\n\t\t<div class=\"elementor-element elementor-element-f3304aa e-flex e-con-boxed e-con e-parent\" data-id=\"f3304aa\" data-element_type=\"container\" data-settings=\"{&quot;background_background&quot;:&quot;classic&quot;}\">\n\t\t\t\t\t<div class=\"e-con-inner\">\n\t\t<div class=\"elementor-element elementor-element-89eff65 e-con-full e-flex e-con e-child\" data-id=\"89eff65\" data-element_type=\"container\">\n\t\t\t\t<div class=\"elementor-element elementor-element-8cf9934 elementor-widget elementor-widget-heading\" data-id=\"8cf9934\" data-element_type=\"widget\" data-widget_type=\"heading.default\">\n\t\t\t\t<div class=\"elementor-widget-container\">\n\t\t\t\t\t<h2 class=\"elementor-heading-title elementor-size-default\">We found a <br>solution <\/h2>\t\t\t\t<\/div>\n\t\t\t\t<\/div>\n\t\t<div class=\"elementor-element elementor-element-445828a e-con-full e-flex e-con e-child\" data-id=\"445828a\" data-element_type=\"container\">\n\t\t<div class=\"elementor-element elementor-element-515a0fb e-con-full e-flex e-con e-child\" data-id=\"515a0fb\" data-element_type=\"container\">\n\t\t\t\t<div class=\"elementor-element elementor-element-8d34c1e elementor-widget elementor-widget-button\" data-id=\"8d34c1e\" data-element_type=\"widget\" data-widget_type=\"button.default\">\n\t\t\t\t<div class=\"elementor-widget-container\">\n\t\t\t\t\t\t\t\t\t<div class=\"elementor-button-wrapper\">\n\t\t\t\t\t<a class=\"elementor-button elementor-button-link elementor-size-sm\" href=\"https:\/\/app.tivest.com\/sign-in\">\n\t\t\t\t\t\t<span class=\"elementor-button-content-wrapper\">\n\t\t\t\t\t\t\t\t\t<span class=\"elementor-button-text\">Request a Quote<\/span>\n\t\t\t\t\t<\/span>\n\t\t\t\t\t<\/a>\n\t\t\t\t<\/div>\n\t\t\t\t\t\t\t\t<\/div>\n\t\t\t\t<\/div>\n\t\t\t\t<\/div>\n\t\t\t\t<div class=\"elementor-element elementor-element-571ee95 elementor-widget-divider--view-line elementor-widget elementor-widget-divider\" data-id=\"571ee95\" data-element_type=\"widget\" data-widget_type=\"divider.default\">\n\t\t\t\t<div class=\"elementor-widget-container\">\n\t\t\t\t\t\t\t<div class=\"elementor-divider\">\n\t\t\t<span class=\"elementor-divider-separator\">\n\t\t\t\t\t\t<\/span>\n\t\t<\/div>\n\t\t\t\t\t\t<\/div>\n\t\t\t\t<\/div>\n\t\t\t\t<\/div>\n\t\t\t\t<\/div>\n\t\t\t\t\t<\/div>\n\t\t\t\t<\/div>\n\t\t\t\t<\/div>","protected":false},"excerpt":{"rendered":"<p>\u00bfQu\u00e9 hacemos? Facilitamos operaciones internacionales estructurando soluciones operativas espec\u00edficas, con trazabilidad documental, cumplimiento regulatorio y eficiencia en la ejecuci\u00f3n. Estructuraci\u00f3n [&hellip;]<\/p>","protected":false},"author":1,"featured_media":0,"parent":0,"menu_order":0,"comment_status":"closed","ping_status":"closed","template":"elementor_header_footer","meta":{"site-sidebar-layout":"no-sidebar","site-content-layout":"","ast-site-content-layout":"full-width-container","site-content-style":"default","site-sidebar-style":"default","ast-global-header-display":"","ast-banner-title-visibility":"","ast-main-header-display":"","ast-hfb-above-header-display":"","ast-hfb-below-header-display":"","ast-hfb-mobile-header-display":"","site-post-title":"disabled","ast-breadcrumbs-content":"","ast-featured-img":"disabled","footer-sml-layout":"","theme-transparent-header-meta":"","adv-header-id-meta":"","stick-header-meta":"","header-above-stick-meta":"","header-main-stick-meta":"","header-below-stick-meta":"","astra-migrate-meta-layouts":"default","ast-page-background-enabled":"default","ast-page-background-meta":{"desktop":{"background-color":"var(--ast-global-color-5)","background-image":"","background-repeat":"repeat","background-position":"center center","background-size":"auto","background-attachment":"scroll","background-type":"","background-media":"","overlay-type":"","overlay-color":"","overlay-opacity":"","overlay-gradient":""},"tablet":{"background-color":"","background-image":"","background-repeat":"repeat","background-position":"center center","background-size":"auto","background-attachment":"scroll","background-type":"","background-media":"","overlay-type":"","overlay-color":"","overlay-opacity":"","overlay-gradient":""},"mobile":{"background-color":"","background-image":"","background-repeat":"repeat","background-position":"center center","background-size":"auto","background-attachment":"scroll","background-type":"","background-media":"","overlay-type":"","overlay-color":"","overlay-opacity":"","overlay-gradient":""}},"ast-content-background-meta":{"desktop":{"background-color":"var(--ast-global-color-4)","background-image":"","background-repeat":"repeat","background-position":"center center","background-size":"auto","background-attachment":"scroll","background-type":"","background-media":"","overlay-type":"","overlay-color":"","overlay-opacity":"","overlay-gradient":""},"tablet":{"background-color":"var(--ast-global-color-4)","background-image":"","background-repeat":"repeat","background-position":"center center","background-size":"auto","background-attachment":"scroll","background-type":"","background-media":"","overlay-type":"","overlay-color":"","overlay-opacity":"","overlay-gradient":""},"mobile":{"background-color":"var(--ast-global-color-4)","background-image":"","background-repeat":"repeat","background-position":"center center","background-size":"auto","background-attachment":"scroll","background-type":"","background-media":"","overlay-type":"","overlay-color":"","overlay-opacity":"","overlay-gradient":""}},"footnotes":""},"class_list":["post-14","page","type-page","status-publish","hentry"],"aioseo_notices":[],"_links":{"self":[{"href":"https:\/\/tivest.com\/en\/wp-json\/wp\/v2\/pages\/14","targetHints":{"allow":["GET"]}}],"collection":[{"href":"https:\/\/tivest.com\/en\/wp-json\/wp\/v2\/pages"}],"about":[{"href":"https:\/\/tivest.com\/en\/wp-json\/wp\/v2\/types\/page"}],"author":[{"embeddable":true,"href":"https:\/\/tivest.com\/en\/wp-json\/wp\/v2\/users\/1"}],"replies":[{"embeddable":true,"href":"https:\/\/tivest.com\/en\/wp-json\/wp\/v2\/comments?post=14"}],"version-history":[{"count":265,"href":"https:\/\/tivest.com\/en\/wp-json\/wp\/v2\/pages\/14\/revisions"}],"predecessor-version":[{"id":1651,"href":"https:\/\/tivest.com\/en\/wp-json\/wp\/v2\/pages\/14\/revisions\/1651"}],"wp:attachment":[{"href":"https:\/\/tivest.com\/en\/wp-json\/wp\/v2\/media?parent=14"}],"curies":[{"name":"wp","href":"https:\/\/api.w.org\/{rel}","templated":true}]}}